{"id":67,"date":"2023-08-14T09:17:50","date_gmt":"2023-08-14T07:17:50","guid":{"rendered":"https:\/\/wp.praxis-hoehne.com\/?page_id=67"},"modified":"2023-10-23T10:47:00","modified_gmt":"2023-10-23T08:47:00","slug":"impressum","status":"publish","type":"page","link":"https:\/\/www.praxis-hoehne.com\/?page_id=67","title":{"rendered":"Impressum"},"content":{"rendered":"\n<p><\/p>\n\n\n\n<p><strong>Impressum &#8211; Angaben gem\u00e4\u00df \u00a7 5 Telemediengesetz (TMG)<\/strong><\/p>\n\n\n\n<p><strong>Praxisgemeinschaft<br>Dr. med. Christian H\u00f6hne<br>Dipl.-Psych. Ingeborg Sigel<br>Dipl.-Psych. Katja Hannemann<br><br><\/strong>Praxis f\u00fcr Kinder- und Jugendpsychiatrie und Psychotherapie<br>Metzstra\u00dfe 2, 88045 Friedrichshafen<br>Telefon: 07541 &#8211; 38470<br>Telefax: 07541 &#8211; 384722<br>E-Mail: info(at)praxis-hoehne.com<br><br><strong>F\u00fcr den Inhalt verantwortlich ist<\/strong><br>Dr. med. Christian H\u00f6hne<br>Metzstra\u00dfe 2, 88045 Friedrichshafen<br>Telefon: 07541 &#8211; 38470<br>Telefax: 07541 &#8211; 384722<br>E-Mail: info(at)praxis-hoehne.com<\/p>\n\n\n\n<div style=\"height:37px\" aria-hidden=\"true\" class=\"wp-block-spacer\"><\/div>\n\n\n\n<p><strong>Berufsbezeichnung und berufsrechtliche Regelungen<\/strong><\/p>\n\n\n\n<p><strong>Berufsbezeichnung<br><\/strong>Facharzt f\u00fcr Kinder- und Jugendpsychiatrie und Psychotherapie<br>Zusatzbezeichnung: Psychotherapie<br><br><strong>Zust\u00e4ndige Kammer<br><\/strong>Landes\u00e4rztekammer Baden-W\u00fcrttemberg<br>Jahnstra\u00dfe 40, 70597 Stuttgart<br>www.aerztekammer-bw.de<a href=\"http:\/\/www.aerztekammer-bw.de\/\"><br><\/a>Alle Titel wurden verliehen in der Bundesrepublik Deutschland<br><br><strong>Es gelten folgende berufsrechtliche Regelungen<br><\/strong>Berufsordnung der Landes\u00e4rztekammer Baden-W\u00fcrttemberg<br>Die Regelungen sind einsehbar unter: www.aerztekammer-bw.de<a href=\"http:\/\/www.aerztekammer-bw.de\/\"><br><\/a><br><strong>Zust\u00e4ndige Kassen\u00e4rztliche Vereinigung<\/strong><br>Kassen\u00e4rztliche Vereinigung Baden-W\u00fcrttemberg<br>Albstadtweg 11, 70567 Stuttgart<br>www.kvbawue.de<\/p>\n\n\n\n<p><strong>Aufsichtsbeh\u00f6rde<\/strong><br>Der Landesbeauftragte f\u00fcr den Datenschutz und die Informationsfreiheit Baden-W\u00fcrttemberg<br>Lautenschlagerstra\u00dfe 20, 70173 Stuttgart<br>Telefon: 0711 \u2013 615 541-0<br>Telefax: 0711 \u2013 615 541-15<br>E-Mail: poststelle@lfdi.bwl.de<br>www.baden-wuerttemberg.datenschutz.de<a href=\"http:\/\/www.kvbawue.de\/\"><br><\/a><br><strong>Berufshaftpflichtversicherung<br><\/strong>HDI Versicherung AG<br>30650 Hannover<\/p>\n\n\n\n<p><strong>Verbraucherstreitbeilegung\/Universalschlichtungsstelle<\/strong><br>Wir sind nicht bereit oder verpflichtet, an Streitbeilegungsverfahren vor einer Verbraucherschlichtungsstelle teilzunehmen.<br><br><strong>Haftung f\u00fcr Inhalte<br><\/strong>Als Dienstanbieter sind wir gem\u00e4\u00df \u00a7 7 Abs.1 TMG f\u00fcr eigene Inhalte auf diesen Seiten nach den allgemeinen Gesetzen verantwortlich. Nach \u00a7\u00a7 8 bis 10 TMG sind wir als Dienstanbieter jedoch nicht verpflichtet, \u00fcbermittelte oder gespeicherte fremde Informationen zu \u00fcberwachen oder nach Umst\u00e4nden zu forschen, die auf eine rechtswidrige T\u00e4tigkeit hinweisen.<br>Verpflichtungen zur Entfernung oder Sperrung der Nutzung von Informationen nach den allgemeinen Gesetzen bleiben hiervon unber\u00fchrt. Eine diesbez\u00fcgliche Haftung ist jedoch erst ab dem Zeitpunkt der Kenntnis einer konkreten Rechtsverletzung m\u00f6glich. Bei Bekanntwerden von entsprechenden Rechtsverletzungen werden wir diese Inhalte umgehend entfernen.<br><br><strong>Haftung f\u00fcr Links<br><\/strong>Unser Angebot enth\u00e4lt Links zu externen Websites Dritter, auf deren Inhalte wir keinen Einfluss haben. Deshalb k\u00f6nnen wir f\u00fcr diese fremden Inhalte auch keine Gew\u00e4hr \u00fcbernehmen. F\u00fcr die Inhalte der verlinkten Seiten ist stets der jeweilige Anbieter oder Betreiber der Seiten verantwortlich. Die verlinkten Seiten wurden zum Zeitpunkt der Verlinkung auf m\u00f6gliche Rechtsverst\u00f6\u00dfe \u00fcberpr\u00fcft. Rechtswidrige Inhalte waren zum Zeitpunkt der Verlinkung nicht erkennbar.<br>Eine permanente inhaltliche Kontrolle der verlinkten Seiten ist jedoch ohne konkrete Anhaltspunkte einer Rechtsverletzung nicht zumutbar. Bei Bekanntwerden von Rechtsverletzungen werden wir derartige Links umgehend entfernen.<br><br><strong>Urheberrecht<\/strong><br>Die durch die Seitenbetreiber erstellten Inhalte und Werke auf diesen Seiten unterliegen dem deutschen Urheberrecht. Die Vervielf\u00e4ltigung, Bearbeitung, Verbreitung und jede Art der Verwertung au\u00dferhalb der Grenzen des Urheberrechtes bed\u00fcrfen der schriftlichen Zustimmung des jeweiligen Autors bzw. Erstellers.<br>Downloads und Kopien dieser Seite sind nur f\u00fcr den privaten, nicht kommerziellen Gebrauch gestattet. Soweit die Inhalte auf dieser Seite nicht vom Betreiber erstellt wurden, werden die Urheberrechte Dritter beachtet. Insbesondere werden Inhalte Dritter als solche gekennzeichnet. Sollten Sie trotzdem auf eine Urheberrechtsverletzung aufmerksam werden, bitten wir um einen entsprechenden Hinweis. Bei Bekanntwerden von Rechtsverletzungen werden wir derartige Inhalte umgehend entfernen.<\/p>\n\n\n\n<div style=\"height:37px\" aria-hidden=\"true\" class=\"wp-block-spacer\"><\/div>\n\n\n\n<p><strong>Dieses Impressum wurde unter anderem mit freundlicher Unterst\u00fctzung erstellt von<\/strong><br><br>DeltaMed S\u00fcd GmbH &amp; Co.KG<br>Untere Gasse 9, 71642 Ludwigsburg<br>Telefon 07141-97457-0<br>Telefax: 07141-97457-14<br>E-Mail: dsb(at)deltamedsued.de<br>Internet: www.deltamedsued.de<br><br>und www.e-recht24.de<\/p>\n","protected":false},"excerpt":{"rendered":"<p>Impressum &#8211; Angaben gem\u00e4\u00df \u00a7 5 Telemediengesetz (TMG) PraxisgemeinschaftDr. med. Christian H\u00f6hneDipl.-Psych. Ingeborg SigelDipl.-Psych. Katja Hannemann Praxis f\u00fcr Kinder- und Jugendpsychiatrie und PsychotherapieMetzstra\u00dfe 2, 88045 FriedrichshafenTelefon: 07541 &#8211; 38470Telefax: 07541 &#8211; 384722E-Mail: info(at)praxis-hoehne.com F\u00fcr den Inhalt verantwortlich istDr. med. Christian H\u00f6hneMetzstra\u00dfe 2, 88045 FriedrichshafenTelefon: 07541 &#8211; 38470Telefax: 07541 &#8211; 384722E-Mail: info(at)praxis-hoehne.com Berufsbezeichnung und berufsrechtliche Regelungen&hellip;&nbsp;<a href=\"https:\/\/www.praxis-hoehne.com\/?page_id=67\" class=\"\" rel=\"bookmark\">Weiterlesen &raquo;<span class=\"screen-reader-text\">Impressum<\/span><\/a><\/p>\n","protected":false},"author":2,"featured_media":0,"parent":0,"menu_order":0,"comment_status":"closed","ping_status":"closed","template":"","meta":{"neve_meta_sidebar":"","neve_meta_container":"","neve_meta_enable_content_width":"","neve_meta_content_width":0,"neve_meta_title_alignment":"","neve_meta_author_avatar":"","neve_post_elements_order":"","neve_meta_disable_header":"","neve_meta_disable_footer":"","neve_meta_disable_title":"","footnotes":""},"class_list":["post-67","page","type-page","status-publish","hentry"],"_links":{"self":[{"href":"https:\/\/www.praxis-hoehne.com\/index.php?rest_route=\/wp\/v2\/pages\/67","targetHints":{"allow":["GET"]}}],"collection":[{"href":"https:\/\/www.praxis-hoehne.com\/index.php?rest_route=\/wp\/v2\/pages"}],"about":[{"href":"https:\/\/www.praxis-hoehne.com\/index.php?rest_route=\/wp\/v2\/types\/page"}],"author":[{"embeddable":true,"href":"https:\/\/www.praxis-hoehne.com\/index.php?rest_route=\/wp\/v2\/users\/2"}],"replies":[{"embeddable":true,"href":"https:\/\/www.praxis-hoehne.com\/index.php?rest_route=%2Fwp%2Fv2%2Fcomments&post=67"}],"version-history":[{"count":10,"href":"https:\/\/www.praxis-hoehne.com\/index.php?rest_route=\/wp\/v2\/pages\/67\/revisions"}],"predecessor-version":[{"id":703,"href":"https:\/\/www.praxis-hoehne.com\/index.php?rest_route=\/wp\/v2\/pages\/67\/revisions\/703"}],"wp:attachment":[{"href":"https:\/\/www.praxis-hoehne.com\/index.php?rest_route=%2Fwp%2Fv2%2Fmedia&parent=67"}],"curies":[{"name":"wp","href":"https:\/\/api.w.org\/{rel}","templated":true}]}}